{"id":66,"date":"2025-11-27T17:55:53","date_gmt":"2025-11-27T17:55:53","guid":{"rendered":"https:\/\/agence-laboite.fr\/?page_id=66"},"modified":"2025-11-27T18:20:20","modified_gmt":"2025-11-27T18:20:20","slug":"a-propos","status":"publish","type":"page","link":"http:\/\/agence-laboite.fr\/index.php\/a-propos\/","title":{"rendered":"\u00e0 propos"},"content":{"rendered":"\t\t<div data-elementor-type=\"wp-page\" data-elementor-id=\"66\" class=\"elementor elementor-66\">\n\t\t\t\t<div class=\"elementor-element elementor-element-6009bb8 e-flex e-con-boxed wpr-particle-no wpr-jarallax-no wpr-parallax-no wpr-sticky-section-no e-con e-parent\" data-id=\"6009bb8\" data-element_type=\"container\">\n\t\t\t\t\t<div class=\"e-con-inner\">\n\t\t\t\t<div class=\"elementor-element elementor-element-005ae7b elementor-widget elementor-widget-spacer\" data-id=\"005ae7b\" data-element_type=\"widget\" data-widget_type=\"spacer.default\">\n\t\t\t\t\t\t\t<div class=\"elementor-spacer\">\n\t\t\t<div class=\"elementor-spacer-inner\"><\/div>\n\t\t<\/div>\n\t\t\t\t\t\t<\/div>\n\t\t\t\t\t<\/div>\n\t\t\t\t<\/div>\n\t\t<div class=\"elementor-element elementor-element-33b00a6 e-flex e-con-boxed wpr-particle-no wpr-jarallax-no wpr-parallax-no wpr-sticky-section-no e-con e-parent\" data-id=\"33b00a6\" data-element_type=\"container\">\n\t\t\t\t\t<div class=\"e-con-inner\">\n\t\t<div class=\"elementor-element elementor-element-241bf85 e-con-full e-flex wpr-particle-no wpr-jarallax-no wpr-parallax-no wpr-sticky-section-no e-con e-child\" data-id=\"241bf85\" data-element_type=\"container\">\n\t\t\t\t<div class=\"elementor-element elementor-element-612ad08 elementor-widget elementor-widget-image\" data-id=\"612ad08\" data-element_type=\"widget\" data-widget_type=\"image.default\">\n\t\t\t\t\t\t\t\t\t\t\t\t\t\t\t<img fetchpriority=\"high\" decoding=\"async\" width=\"800\" height=\"602\" src=\"http:\/\/agence-laboite.fr\/wp-content\/uploads\/2025\/11\/Buisson-1024x771.png\" class=\"attachment-large size-large wp-image-68\" alt=\"\" srcset=\"http:\/\/agence-laboite.fr\/wp-content\/uploads\/2025\/11\/Buisson-1024x771.png 1024w, http:\/\/agence-laboite.fr\/wp-content\/uploads\/2025\/11\/Buisson-300x226.png 300w, http:\/\/agence-laboite.fr\/wp-content\/uploads\/2025\/11\/Buisson-768x579.png 768w, http:\/\/agence-laboite.fr\/wp-content\/uploads\/2025\/11\/Buisson.png 1508w\" sizes=\"(max-width: 800px) 100vw, 800px\" \/>\t\t\t\t\t\t\t\t\t\t\t\t\t\t\t<\/div>\n\t\t\t\t<\/div>\n\t\t<div class=\"elementor-element elementor-element-1f0ef1e e-con-full e-flex wpr-particle-no wpr-jarallax-no wpr-parallax-no wpr-sticky-section-no e-con e-child\" data-id=\"1f0ef1e\" data-element_type=\"container\">\n\t\t\t\t<div class=\"elementor-element elementor-element-9e29ff6 elementor-widget elementor-widget-heading\" data-id=\"9e29ff6\" data-element_type=\"widget\" data-widget_type=\"heading.default\">\n\t\t\t\t\t<h2 class=\"elementor-heading-title elementor-size-default\">Vous \u00eates au bon endroit !!\u200b<\/h2>\t\t\t\t<\/div>\n\t\t\t\t<div class=\"elementor-element elementor-element-dcb6eb7 elementor-widget elementor-widget-text-editor\" data-id=\"dcb6eb7\" data-element_type=\"widget\" data-widget_type=\"text-editor.default\">\n\t\t\t\t\t\t\t\t\t<p data-start=\"211\" data-end=\"752\">\u00a0<\/p><p data-start=\"211\" data-end=\"752\">Si vous manquez de visibilit\u00e9, d\u2019inspiration ou de cr\u00e9ativit\u00e9, vous \u00eates au bon endroit.<br data-start=\"328\" data-end=\"331\" \/>La Boite, c\u2019est une structure d\u00e9di\u00e9e \u00e0 la communication et \u00e0 la cr\u00e9ativit\u00e9 sous toutes ses formes. La Boite vous accompagne dans la r\u00e9alisation de vos projets, qu\u2019il s\u2019agisse de <strong data-start=\"507\" data-end=\"520\">graphisme<\/strong>, <strong data-start=\"522\" data-end=\"542\">charte graphique<\/strong>, <strong data-start=\"544\" data-end=\"575\">gestion des r\u00e9seaux sociaux<\/strong>, <strong data-start=\"577\" data-end=\"607\">strat\u00e9gie de communication<\/strong>, <strong data-start=\"609\" data-end=\"625\">photographie<\/strong>, <strong data-start=\"627\" data-end=\"636\">vid\u00e9o<\/strong> et <strong data-start=\"640\" data-end=\"664\">motion design<\/strong>.<\/p><p data-start=\"211\" data-end=\"752\"><br data-start=\"665\" data-end=\"668\" \/>La mission : donner vie \u00e0 vos id\u00e9es et construire une image qui vous ressemble.<\/p>\t\t\t\t\t\t\t\t<\/div>\n\t\t\t\t<div class=\"elementor-element elementor-element-d6cdcd7 elementor-widget elementor-widget-spacer\" data-id=\"d6cdcd7\" data-element_type=\"widget\" data-widget_type=\"spacer.default\">\n\t\t\t\t\t\t\t<div class=\"elementor-spacer\">\n\t\t\t<div class=\"elementor-spacer-inner\"><\/div>\n\t\t<\/div>\n\t\t\t\t\t\t<\/div>\n\t\t\t\t<\/div>\n\t\t\t\t\t<\/div>\n\t\t\t\t<\/div>\n\t\t<div class=\"elementor-element elementor-element-ea0d309 e-flex e-con-boxed wpr-particle-no wpr-jarallax-no wpr-parallax-no wpr-sticky-section-no e-con e-parent\" data-id=\"ea0d309\" data-element_type=\"container\" data-settings=\"{&quot;background_background&quot;:&quot;classic&quot;}\">\n\t\t\t\t\t<div class=\"e-con-inner\">\n\t\t\t\t<div class=\"elementor-element elementor-element-ded04de elementor-widget elementor-widget-heading\" data-id=\"ded04de\" data-element_type=\"widget\" data-widget_type=\"heading.default\">\n\t\t\t\t\t<h2 class=\"elementor-heading-title elementor-size-default\">Une id\u00e9e en t\u00eate, mais vous ne savez pas par o\u00f9 commencer ?<\/h2>\t\t\t\t<\/div>\n\t\t\t\t<div class=\"elementor-element elementor-element-728a5ce elementor-widget elementor-widget-spacer\" data-id=\"728a5ce\" data-element_type=\"widget\" data-widget_type=\"spacer.default\">\n\t\t\t\t\t\t\t<div class=\"elementor-spacer\">\n\t\t\t<div class=\"elementor-spacer-inner\"><\/div>\n\t\t<\/div>\n\t\t\t\t\t\t<\/div>\n\t\t\t\t<div class=\"elementor-element elementor-element-29afeac elementor-widget elementor-widget-text-editor\" data-id=\"29afeac\" data-element_type=\"widget\" data-widget_type=\"text-editor.default\">\n\t\t\t\t\t\t\t\t\t<p>Dites en plus&#8230;<\/p>\t\t\t\t\t\t\t\t<\/div>\n\t\t\t\t<div class=\"elementor-element elementor-element-e3dd10b elementor-widget elementor-widget-image\" data-id=\"e3dd10b\" data-element_type=\"widget\" data-widget_type=\"image.default\">\n\t\t\t\t\t\t\t\t\t\t\t\t\t\t\t<img decoding=\"async\" width=\"678\" height=\"1024\" src=\"http:\/\/agence-laboite.fr\/wp-content\/uploads\/2025\/11\/plus-petit-678x1024.jpg\" class=\"attachment-large size-large wp-image-72\" alt=\"\" srcset=\"http:\/\/agence-laboite.fr\/wp-content\/uploads\/2025\/11\/plus-petit-678x1024.jpg 678w, http:\/\/agence-laboite.fr\/wp-content\/uploads\/2025\/11\/plus-petit-199x300.jpg 199w, http:\/\/agence-laboite.fr\/wp-content\/uploads\/2025\/11\/plus-petit-768x1160.jpg 768w, http:\/\/agence-laboite.fr\/wp-content\/uploads\/2025\/11\/plus-petit-1017x1536.jpg 1017w, http:\/\/agence-laboite.fr\/wp-content\/uploads\/2025\/11\/plus-petit-1356x2048.jpg 1356w, http:\/\/agence-laboite.fr\/wp-content\/uploads\/2025\/11\/plus-petit.jpg 1655w\" sizes=\"(max-width: 678px) 100vw, 678px\" \/>\t\t\t\t\t\t\t\t\t\t\t\t\t\t\t<\/div>\n\t\t\t\t<div class=\"elementor-element elementor-element-3caf642 elementor-widget elementor-widget-text-editor\" data-id=\"3caf642\" data-element_type=\"widget\" data-widget_type=\"text-editor.default\">\n\t\t\t\t\t\t\t\t\t<p>J&rsquo;ai d\u00e9j\u00e0 pleins d&rsquo;id\u00e9es !!<\/p>\t\t\t\t\t\t\t\t<\/div>\n\t\t\t\t<div class=\"elementor-element elementor-element-b5969e3 elementor-widget elementor-widget-spacer\" data-id=\"b5969e3\" data-element_type=\"widget\" data-widget_type=\"spacer.default\">\n\t\t\t\t\t\t\t<div class=\"elementor-spacer\">\n\t\t\t<div class=\"elementor-spacer-inner\"><\/div>\n\t\t<\/div>\n\t\t\t\t\t\t<\/div>\n\t\t\t\t<div class=\"elementor-element elementor-element-ed9f926 elementor-button-success elementor-align-center elementor-widget__width-inherit elementor-widget elementor-widget-button\" data-id=\"ed9f926\" data-element_type=\"widget\" data-widget_type=\"button.default\">\n\t\t\t\t\t\t\t\t\t\t<a class=\"elementor-button elementor-button-link elementor-size-sm\" href=\"#\">\n\t\t\t\t\t\t<span class=\"elementor-button-content-wrapper\">\n\t\t\t\t\t\t\t\t\t<span class=\"elementor-button-text\">Contact<\/span>\n\t\t\t\t\t<\/span>\n\t\t\t\t\t<\/a>\n\t\t\t\t\t\t\t\t<\/div>\n\t\t\t\t<div class=\"elementor-element elementor-element-e89a25a elementor-widget elementor-widget-spacer\" data-id=\"e89a25a\" data-element_type=\"widget\" data-widget_type=\"spacer.default\">\n\t\t\t\t\t\t\t<div class=\"elementor-spacer\">\n\t\t\t<div class=\"elementor-spacer-inner\"><\/div>\n\t\t<\/div>\n\t\t\t\t\t\t<\/div>\n\t\t\t\t\t<\/div>\n\t\t\t\t<\/div>\n\t\t<div class=\"elementor-element elementor-element-f496ff9 e-flex e-con-boxed wpr-particle-no wpr-jarallax-no wpr-parallax-no wpr-sticky-section-no e-con e-parent\" data-id=\"f496ff9\" data-element_type=\"container\">\n\t\t\t\t\t<div class=\"e-con-inner\">\n\t\t<div class=\"elementor-element elementor-element-d41cb2e e-con-full e-flex wpr-particle-no wpr-jarallax-no wpr-parallax-no wpr-sticky-section-no e-con e-child\" data-id=\"d41cb2e\" data-element_type=\"container\">\n\t\t\t\t<div class=\"elementor-element elementor-element-6ae4332 elementor-widget elementor-widget-heading\" data-id=\"6ae4332\" data-element_type=\"widget\" data-widget_type=\"heading.default\">\n\t\t\t\t\t<h2 class=\"elementor-heading-title elementor-size-default\">\u00c0 propos de moi <\/h2>\t\t\t\t<\/div>\n\t\t\t\t<div class=\"elementor-element elementor-element-63c0494 elementor-widget elementor-widget-text-editor\" data-id=\"63c0494\" data-element_type=\"widget\" data-widget_type=\"text-editor.default\">\n\t\t\t\t\t\t\t\t\t<p><em>Apr\u00e8s\u00a0<b>3 ans de BUT Info Com,<\/b>\u00a0je me lance dans le bain du\u00a0<b>freelance<\/b>. Passionn\u00e9 par la cr\u00e9ation visuelle depuis petit, le monde du graphisme a \u00e9t\u00e9 une \u00e9vidence pour moi.<\/em><\/p><p>C\u2019est ce que je vous aurais dit\u2026 si j\u2019\u00e9tais un menteur.<\/p><p>En r\u00e9alit\u00e9, j\u2019ai cherch\u00e9 pendant tellement longtemps un domaine dans lequel je pourrais m\u2019\u00e9panouir professionnellement. La fameuse question qui hante tous les jeunes de nos jours, n\u2019est-ce pas ??<\/p><p>Eh bien, vous savez quoi ?? Aujourd\u2019hui encore, je n\u2019ai pas la r\u00e9ponse. Je suis\u00a0<b>quelqu\u2019un de passionn\u00e9<\/b>, alors je vis chaque exp\u00e9rience \u00e0 fond.<\/p><p>La vie est longue et pleine de surprises. Honn\u00eatement, qui peut vraiment savoir o\u00f9 il sera dans cinq ans ?? Pas moi, et s\u00fbrement pas vous non plus.<\/p><p>Alors, qu\u2019est-ce que je gagne \u00e0 vous dire tout \u00e7a ?<\/p><p>Avec le temps, j\u2019ai compris que les relations les plus solides et les plus sinc\u00e8res naissent de\u00a0<b>l\u2019honn\u00eatet\u00e9<\/b>. Ouvrir son c\u0153ur cr\u00e9e des liens vrais, et je ne vois pas pourquoi ce serait diff\u00e9rent dans le monde professionnel.<\/p><p>Alors, si ces quelques mots ne vous ont pas trop effray\u00e9, je serai tr\u00e8s heureux de travailler\u00a0<b>avec vous<\/b>.<\/p>\t\t\t\t\t\t\t\t<\/div>\n\t\t\t\t<div class=\"elementor-element elementor-element-19635fd elementor-widget elementor-widget-image\" data-id=\"19635fd\" data-element_type=\"widget\" data-widget_type=\"image.default\">\n\t\t\t\t\t\t\t\t\t\t\t\t\t\t\t<img decoding=\"async\" width=\"800\" height=\"864\" src=\"http:\/\/agence-laboite.fr\/wp-content\/uploads\/2025\/11\/Coeur-948x1024.png\" class=\"attachment-large size-large wp-image-79\" alt=\"\" srcset=\"http:\/\/agence-laboite.fr\/wp-content\/uploads\/2025\/11\/Coeur-948x1024.png 948w, http:\/\/agence-laboite.fr\/wp-content\/uploads\/2025\/11\/Coeur-278x300.png 278w, http:\/\/agence-laboite.fr\/wp-content\/uploads\/2025\/11\/Coeur-768x830.png 768w, http:\/\/agence-laboite.fr\/wp-content\/uploads\/2025\/11\/Coeur.png 973w\" sizes=\"(max-width: 800px) 100vw, 800px\" \/>\t\t\t\t\t\t\t\t\t\t\t\t\t\t\t<\/div>\n\t\t\t\t<\/div>\n\t\t<div class=\"elementor-element elementor-element-675b7ad e-con-full e-flex wpr-particle-no wpr-jarallax-no wpr-parallax-no wpr-sticky-section-no e-con e-child\" data-id=\"675b7ad\" data-element_type=\"container\">\n\t\t\t\t<div class=\"elementor-element elementor-element-2e481f3 elementor-widget elementor-widget-image\" data-id=\"2e481f3\" data-element_type=\"widget\" data-widget_type=\"image.default\">\n\t\t\t\t\t\t\t\t\t\t\t\t\t\t\t<img loading=\"lazy\" decoding=\"async\" width=\"683\" height=\"1024\" src=\"http:\/\/agence-laboite.fr\/wp-content\/uploads\/2025\/11\/IMG_7611-scaled-1-683x1024.webp\" class=\"attachment-large size-large wp-image-83\" alt=\"\" srcset=\"http:\/\/agence-laboite.fr\/wp-content\/uploads\/2025\/11\/IMG_7611-scaled-1-683x1024.webp 683w, http:\/\/agence-laboite.fr\/wp-content\/uploads\/2025\/11\/IMG_7611-scaled-1-200x300.webp 200w, http:\/\/agence-laboite.fr\/wp-content\/uploads\/2025\/11\/IMG_7611-scaled-1-768x1152.webp 768w, http:\/\/agence-laboite.fr\/wp-content\/uploads\/2025\/11\/IMG_7611-scaled-1-1024x1536.webp 1024w, http:\/\/agence-laboite.fr\/wp-content\/uploads\/2025\/11\/IMG_7611-scaled-1-1366x2048.webp 1366w, http:\/\/agence-laboite.fr\/wp-content\/uploads\/2025\/11\/IMG_7611-scaled-1.webp 1707w\" sizes=\"(max-width: 683px) 100vw, 683px\" \/>\t\t\t\t\t\t\t\t\t\t\t\t\t\t\t<\/div>\n\t\t\t\t<\/div>\n\t\t\t\t\t<\/div>\n\t\t\t\t<\/div>\n\t\t<div class=\"elementor-element elementor-element-040a92e e-flex e-con-boxed wpr-particle-no wpr-jarallax-no wpr-parallax-no wpr-sticky-section-no e-con e-parent\" data-id=\"040a92e\" data-element_type=\"container\">\n\t\t\t\t\t<div class=\"e-con-inner\">\n\t\t\t\t\t<\/div>\n\t\t\t\t<\/div>\n\t\t\t\t<\/div>\n\t\t","protected":false},"excerpt":{"rendered":"<p>Vous \u00eates au bon endroit !!\u200b \u00a0 Si vous manquez de visibilit\u00e9, d\u2019inspiration ou de cr\u00e9ativit\u00e9, vous \u00eates au bon endroit.La Boite, c\u2019est une structure d\u00e9di\u00e9e \u00e0 la communication et \u00e0 la cr\u00e9ativit\u00e9 sous toutes ses formes. La Boite vous accompagne dans la r\u00e9alisation de vos projets, qu\u2019il s\u2019agisse de graphisme, charte graphique, gestion des r\u00e9seaux sociaux, strat\u00e9gie de communication, photographie, vid\u00e9o et motion design. La mission : donner vie \u00e0 vos id\u00e9es et construire une image qui vous ressemble. Une id\u00e9e en t\u00eate, mais vous ne savez pas par o\u00f9 commencer ? Dites en plus&#8230; J&rsquo;ai d\u00e9j\u00e0 pleins d&rsquo;id\u00e9es !! Contact \u00c0 propos de moi Apr\u00e8s\u00a03 ans de BUT Info Com,\u00a0je me lance dans le bain du\u00a0freelance. Passionn\u00e9 par la cr\u00e9ation visuelle depuis petit, le monde du graphisme a \u00e9t\u00e9 une \u00e9vidence pour moi. C\u2019est ce que je vous aurais dit\u2026 si j\u2019\u00e9tais un menteur. En r\u00e9alit\u00e9, j\u2019ai cherch\u00e9 pendant tellement longtemps un domaine dans lequel je pourrais m\u2019\u00e9panouir professionnellement. La fameuse question qui hante tous les jeunes de nos jours, n\u2019est-ce pas ?? Eh bien, vous savez quoi ?? Aujourd\u2019hui encore, je n\u2019ai pas la r\u00e9ponse. Je suis\u00a0quelqu\u2019un de passionn\u00e9, alors je vis chaque exp\u00e9rience \u00e0 fond. La vie est longue et pleine de surprises. Honn\u00eatement, qui peut vraiment savoir o\u00f9 il sera dans cinq ans ?? Pas moi, et s\u00fbrement pas vous non plus. Alors, qu\u2019est-ce que je gagne \u00e0 vous dire tout \u00e7a ? Avec le temps, j\u2019ai compris que les relations les plus solides et les plus sinc\u00e8res naissent de\u00a0l\u2019honn\u00eatet\u00e9. Ouvrir son c\u0153ur cr\u00e9e des liens vrais, et je ne vois pas pourquoi ce serait diff\u00e9rent dans le monde professionnel. Alors, si ces quelques mots ne vous ont pas trop effray\u00e9, je serai tr\u00e8s heureux de travailler\u00a0avec vous.<\/p>\n","protected":false},"author":1,"featured_media":0,"parent":0,"menu_order":0,"comment_status":"closed","ping_status":"closed","template":"","meta":{"footnotes":""},"class_list":["post-66","page","type-page","status-publish","hentry"],"_links":{"self":[{"href":"http:\/\/agence-laboite.fr\/index.php\/wp-json\/wp\/v2\/pages\/66","targetHints":{"allow":["GET"]}}],"collection":[{"href":"http:\/\/agence-laboite.fr\/index.php\/wp-json\/wp\/v2\/pages"}],"about":[{"href":"http:\/\/agence-laboite.fr\/index.php\/wp-json\/wp\/v2\/types\/page"}],"author":[{"embeddable":true,"href":"http:\/\/agence-laboite.fr\/index.php\/wp-json\/wp\/v2\/users\/1"}],"replies":[{"embeddable":true,"href":"http:\/\/agence-laboite.fr\/index.php\/wp-json\/wp\/v2\/comments?post=66"}],"version-history":[{"count":25,"href":"http:\/\/agence-laboite.fr\/index.php\/wp-json\/wp\/v2\/pages\/66\/revisions"}],"predecessor-version":[{"id":109,"href":"http:\/\/agence-laboite.fr\/index.php\/wp-json\/wp\/v2\/pages\/66\/revisions\/109"}],"wp:attachment":[{"href":"http:\/\/agence-laboite.fr\/index.php\/wp-json\/wp\/v2\/media?parent=66"}],"curies":[{"name":"wp","href":"https:\/\/api.w.org\/{rel}","templated":true}]}}